{"id":180,"date":"2011-10-14T18:39:08","date_gmt":"2011-10-14T16:39:08","guid":{"rendered":"http:\/\/www.mapetsrl.com\/?page_id=180"},"modified":"2011-10-17T13:05:56","modified_gmt":"2011-10-17T11:05:56","slug":"vitrinas-refrigeradas-para-helados","status":"publish","type":"page","link":"http:\/\/www.mapetsrl.com\/?page_id=180","title":{"rendered":"Vitrinas Refrigeradas para Helados"},"content":{"rendered":"<h4>Caracteristicas comunes:<\/h4>\n<address>4 Ruedas pivotantes<\/address>\n<address>Compresor herm\u00e9tico con protecci\u00f3n<\/address>\n<address>Iluminaci\u00f3n interior<\/address>\n<p>[NoShop Serie MP]<\/p>\n","protected":false},"excerpt":{"rendered":"<p>Caracteristicas comunes: 4 Ruedas pivotantes Compresor herm\u00e9tico con protecci\u00f3n Iluminaci\u00f3n interior [NoShop Serie MP]<\/p>\n","protected":false},"author":1,"featured_media":0,"parent":162,"menu_order":0,"comment_status":"closed","ping_status":"open","template":"","meta":{"footnotes":""},"_links":{"self":[{"href":"http:\/\/www.mapetsrl.com\/index.php?rest_route=\/wp\/v2\/pages\/180"}],"collection":[{"href":"http:\/\/www.mapetsrl.com\/index.php?rest_route=\/wp\/v2\/pages"}],"about":[{"href":"http:\/\/www.mapetsrl.com\/index.php?rest_route=\/wp\/v2\/types\/page"}],"author":[{"embeddable":true,"href":"http:\/\/www.mapetsrl.com\/index.php?rest_route=\/wp\/v2\/users\/1"}],"replies":[{"embeddable":true,"href":"http:\/\/www.mapetsrl.com\/index.php?rest_route=%2Fwp%2Fv2%2Fcomments&post=180"}],"version-history":[{"count":4,"href":"http:\/\/www.mapetsrl.com\/index.php?rest_route=\/wp\/v2\/pages\/180\/revisions"}],"predecessor-version":[{"id":198,"href":"http:\/\/www.mapetsrl.com\/index.php?rest_route=\/wp\/v2\/pages\/180\/revisions\/198"}],"up":[{"embeddable":true,"href":"http:\/\/www.mapetsrl.com\/index.php?rest_route=\/wp\/v2\/pages\/162"}],"wp:attachment":[{"href":"http:\/\/www.mapetsrl.com\/index.php?rest_route=%2Fwp%2Fv2%2Fmedia&parent=180"}],"curies":[{"name":"wp","href":"https:\/\/api.w.org\/{rel}","templated":true}]}}