{"id":2,"date":"2011-10-04T09:00:44","date_gmt":"2011-10-04T09:00:44","guid":{"rendered":"http:\/\/www.mapetsrl.com\/?page_id=2"},"modified":"2011-10-08T11:12:55","modified_gmt":"2011-10-08T09:12:55","slug":"sample-page","status":"publish","type":"page","link":"http:\/\/www.mapetsrl.com\/?page_id=2","title":{"rendered":"Empresa"},"content":{"rendered":"<p>Desde 2004, MAPET es fabricante y proveedor de maquinaria y equipos para la exhibici\u00f3n y conservaci\u00f3n de alimentos refrigerados, neutros y calientes.<\/p>\n<p>Desde 2010, MAPET se acerca al mercado espa\u00f1ol mediante su filial MAPET IBERICA, con el objetivo de mejorar el servicio y la atenci\u00f3n a sus clientes.<\/p>\n<p>Para nosotros es importante resaltar el<em><strong> Made in Italy<\/strong><\/em> de nuestros fabricados.<\/p>\n","protected":false},"excerpt":{"rendered":"<p>Desde 2004, MAPET es fabricante y proveedor de maquinaria y equipos para la exhibici\u00f3n y conservaci\u00f3n de alimentos refrigerados, neutros y calientes. Desde 2010, MAPET se acerca al mercado espa\u00f1ol mediante su filial MAPET IBERICA, con el objetivo de mejorar el servicio y la atenci\u00f3n a sus clientes. Para nosotros es importante resaltar el Made [&hellip;]<\/p>\n","protected":false},"author":1,"featured_media":0,"parent":0,"menu_order":0,"comment_status":"open","ping_status":"open","template":"","meta":{"footnotes":""},"_links":{"self":[{"href":"http:\/\/www.mapetsrl.com\/index.php?rest_route=\/wp\/v2\/pages\/2"}],"collection":[{"href":"http:\/\/www.mapetsrl.com\/index.php?rest_route=\/wp\/v2\/pages"}],"about":[{"href":"http:\/\/www.mapetsrl.com\/index.php?rest_route=\/wp\/v2\/types\/page"}],"author":[{"embeddable":true,"href":"http:\/\/www.mapetsrl.com\/index.php?rest_route=\/wp\/v2\/users\/1"}],"replies":[{"embeddable":true,"href":"http:\/\/www.mapetsrl.com\/index.php?rest_route=%2Fwp%2Fv2%2Fcomments&post=2"}],"version-history":[{"count":8,"href":"http:\/\/www.mapetsrl.com\/index.php?rest_route=\/wp\/v2\/pages\/2\/revisions"}],"predecessor-version":[{"id":75,"href":"http:\/\/www.mapetsrl.com\/index.php?rest_route=\/wp\/v2\/pages\/2\/revisions\/75"}],"wp:attachment":[{"href":"http:\/\/www.mapetsrl.com\/index.php?rest_route=%2Fwp%2Fv2%2Fmedia&parent=2"}],"curies":[{"name":"wp","href":"https:\/\/api.w.org\/{rel}","templated":true}]}}