{"id":218,"date":"2011-10-17T18:18:18","date_gmt":"2011-10-17T16:18:18","guid":{"rendered":"http:\/\/www.mapetsrl.com\/?page_id=218"},"modified":"2011-10-17T21:01:36","modified_gmt":"2011-10-17T19:01:36","slug":"expositores-abiertos","status":"publish","type":"page","link":"http:\/\/www.mapetsrl.com\/?page_id=218","title":{"rendered":"Expositores Abiertos"},"content":{"rendered":"<h4>Caracteristicas comunes:<\/h4>\n<address>Estantes ajustables<\/address>\n<address>Descongelaci\u00f3n automatica<\/address>\n<address>Term\u00f3metro electr\u00f3nico<\/address>\n<address>Pies regulables en altura<\/address>\n<address>Luz interior vertical doble<\/address>\n<p>[NoShop Serie OP]<\/p>\n","protected":false},"excerpt":{"rendered":"<p>Caracteristicas comunes: Estantes ajustables Descongelaci\u00f3n automatica Term\u00f3metro electr\u00f3nico Pies regulables en altura Luz interior vertical doble [NoShop Serie OP]<\/p>\n","protected":false},"author":1,"featured_media":0,"parent":19,"menu_order":5,"comment_status":"closed","ping_status":"open","template":"","meta":{"footnotes":""},"_links":{"self":[{"href":"http:\/\/www.mapetsrl.com\/index.php?rest_route=\/wp\/v2\/pages\/218"}],"collection":[{"href":"http:\/\/www.mapetsrl.com\/index.php?rest_route=\/wp\/v2\/pages"}],"about":[{"href":"http:\/\/www.mapetsrl.com\/index.php?rest_route=\/wp\/v2\/types\/page"}],"author":[{"embeddable":true,"href":"http:\/\/www.mapetsrl.com\/index.php?rest_route=\/wp\/v2\/users\/1"}],"replies":[{"embeddable":true,"href":"http:\/\/www.mapetsrl.com\/index.php?rest_route=%2Fwp%2Fv2%2Fcomments&post=218"}],"version-history":[{"count":4,"href":"http:\/\/www.mapetsrl.com\/index.php?rest_route=\/wp\/v2\/pages\/218\/revisions"}],"predecessor-version":[{"id":221,"href":"http:\/\/www.mapetsrl.com\/index.php?rest_route=\/wp\/v2\/pages\/218\/revisions\/221"}],"up":[{"embeddable":true,"href":"http:\/\/www.mapetsrl.com\/index.php?rest_route=\/wp\/v2\/pages\/19"}],"wp:attachment":[{"href":"http:\/\/www.mapetsrl.com\/index.php?rest_route=%2Fwp%2Fv2%2Fmedia&parent=218"}],"curies":[{"name":"wp","href":"https:\/\/api.w.org\/{rel}","templated":true}]}}